{"id":4041,"date":"2023-07-03T20:37:41","date_gmt":"2023-07-03T20:37:41","guid":{"rendered":"https:\/\/logosrisk.com\/?page_id=4041"},"modified":"2025-09-23T08:20:43","modified_gmt":"2025-09-23T08:20:43","slug":"acik-riza-beyani-2-2","status":"publish","type":"page","link":"https:\/\/logosrisk.com\/?page_id=4041","title":{"rendered":"Hizmet Politikam\u0131z"},"content":{"rendered":"<section id=\"bt_bb_section69fb2c6e94f1b\"  class=\"bt_bb_section bt_bb_layout_boxed_1200\" ><div class=\"bt_bb_port\"><div class=\"bt_bb_cell\"><div class=\"bt_bb_cell_inner\"><div class=\"bt_bb_row_wrapper\"><div  class=\"bt_bb_row\" ><div  class=\"bt_bb_column col-xl-12 col-xs-12 col-sm-12 col-md-12 col-lg-12 bt_bb_align_left bt_bb_vertical_align_top bt_bb_padding_normal\"  data-width=\"12\" data-bt-override-class=\"{}\"><div class=\"bt_bb_column_content\"><div class=\"bt_bb_column_content_inner\"><div class=\"bt_bb_separator bt_bb_top_spacing_medium bt_bb_bottom_spacing_medium bt_bb_border_style_none bt_bb_border_color_none\"><\/div><div class=\"bt_bb_separator bt_bb_top_spacing_medium bt_bb_bottom_spacing_medium bt_bb_border_style_none bt_bb_border_color_none\"><\/div><div class=\"bt_bb_masonry_post_grid bt_bb_grid_container\" data-columns=\"\"><div class=\"bt_bb_masonry_post_grid_content bt_bb_grid_hide\" data-bt-bb-masonry-post-grid-nonce=\"1c8006ab1a\" data-number=\"1000\" data-category=\"\" data-show=\"a%3A6%3A%7Bs%3A8%3A%22category%22%3Bb%3A0%3Bs%3A4%3A%22date%22%3Bb%3A0%3Bs%3A6%3A%22author%22%3Bb%3A0%3Bs%3A8%3A%22comments%22%3Bb%3A0%3Bs%3A7%3A%22excerpt%22%3Bb%3A0%3Bs%3A9%3A%22read_more%22%3Bb%3A0%3B%7D\" data-auto-loading=\"\" data-post-type=\"post\"><div class=\"bt_bb_grid_sizer\"><\/div><\/div><div class=\"bt_bb_post_grid_loader\"><\/div><\/div><div  class=\"bt_bb_text\" ><p>Logos Kefalet Risk Y\u00f6netimi ve Dan\u0131\u015fmanl\u0131\u011f\u0131 A.\u015e. olarak;<\/p>\n<ul>\n<li>M\u00fc\u015fterilerimize sundu\u011fumuz hizmetlerin <strong>s\u00fcreklili\u011fini ve kalitesini<\/strong> g\u00fcvence alt\u0131na almay\u0131,<\/li>\n<li><strong>Yasal ve d\u00fczenleyici gerekliliklere<\/strong> tam uyum sa\u011flamay\u0131,<\/li>\n<li><strong>ISO\/IEC 20000-1:2018<\/strong> standard\u0131na uygun bir hizmet y\u00f6netim sistemi kurmay\u0131 ve i\u015fletmeyi,<\/li>\n<li>Hizmet performans\u0131n\u0131 d\u00fczenli olarak <strong>\u00f6l\u00e7meyi, izlemeyi ve iyile\u015ftirmeyi<\/strong>,<\/li>\n<li><strong>Payda\u015f memnuniyetini art\u0131rmay\u0131<\/strong> ve etkin ileti\u015fimi sa\u011flamay\u0131,<\/li>\n<li>T\u00fcm s\u00fcre\u00e7lerde <strong>s\u00fcrekli iyile\u015ftirme yakla\u015f\u0131m\u0131n\u0131<\/strong> benimsemeyi<\/li>\n<\/ul>\n<p>taahh\u00fct ederiz.<\/p>\n<p>Hizmet y\u00f6netim sistemimiz, kurulu\u015fumuzun t\u00fcm hizmet ve destek s\u00fcre\u00e7lerini kapsamakta olup, \u00fcst y\u00f6netimin deste\u011fiyle s\u00fcrekli geli\u015ftirilmektedir.<\/p>\n<\/div><div class=\"bt_bb_separator\"><\/div><div class=\"bt_bb_separator\"><\/div><\/div><\/div><\/div><\/div><\/div><\/div><\/div><\/div><\/section>","protected":false},"excerpt":{"rendered":"","protected":false},"author":1,"featured_media":0,"parent":0,"menu_order":0,"comment_status":"closed","ping_status":"closed","template":"","meta":[],"_links":{"self":[{"href":"https:\/\/logosrisk.com\/index.php?rest_route=\/wp\/v2\/pages\/4041"}],"collection":[{"href":"https:\/\/logosrisk.com\/index.php?rest_route=\/wp\/v2\/pages"}],"about":[{"href":"https:\/\/logosrisk.com\/index.php?rest_route=\/wp\/v2\/types\/page"}],"author":[{"embeddable":true,"href":"https:\/\/logosrisk.com\/index.php?rest_route=\/wp\/v2\/users\/1"}],"replies":[{"embeddable":true,"href":"https:\/\/logosrisk.com\/index.php?rest_route=%2Fwp%2Fv2%2Fcomments&post=4041"}],"version-history":[{"count":2,"href":"https:\/\/logosrisk.com\/index.php?rest_route=\/wp\/v2\/pages\/4041\/revisions"}],"predecessor-version":[{"id":4107,"href":"https:\/\/logosrisk.com\/index.php?rest_route=\/wp\/v2\/pages\/4041\/revisions\/4107"}],"wp:attachment":[{"href":"https:\/\/logosrisk.com\/index.php?rest_route=%2Fwp%2Fv2%2Fmedia&parent=4041"}],"curies":[{"name":"wp","href":"https:\/\/api.w.org\/{rel}","templated":true}]}}