{"id":4037,"date":"2023-07-03T20:29:56","date_gmt":"2023-07-03T20:29:56","guid":{"rendered":"https:\/\/logosrisk.com\/?page_id=4037"},"modified":"2025-09-23T08:22:23","modified_gmt":"2025-09-23T08:22:23","slug":"acik-riza-beyani-2","status":"publish","type":"page","link":"https:\/\/logosrisk.com\/?page_id=4037","title":{"rendered":"Bilgi G\u00fcvenli\u011fi Politikam\u0131z"},"content":{"rendered":"<section id=\"bt_bb_section69fb294da6681\"  class=\"bt_bb_section bt_bb_layout_boxed_1200\" ><div class=\"bt_bb_port\"><div class=\"bt_bb_cell\"><div class=\"bt_bb_cell_inner\"><div class=\"bt_bb_row_wrapper\"><div  class=\"bt_bb_row\" ><div  class=\"bt_bb_column col-xl-12 col-xs-12 col-sm-12 col-md-12 col-lg-12 bt_bb_align_left bt_bb_vertical_align_top bt_bb_padding_normal\"  data-width=\"12\" data-bt-override-class=\"{}\"><div class=\"bt_bb_column_content\"><div class=\"bt_bb_column_content_inner\"><div class=\"bt_bb_separator bt_bb_top_spacing_medium bt_bb_bottom_spacing_medium bt_bb_border_style_none bt_bb_border_color_none\"><\/div><div class=\"bt_bb_separator bt_bb_top_spacing_medium bt_bb_bottom_spacing_medium bt_bb_border_style_none bt_bb_border_color_none\"><\/div><div class=\"bt_bb_masonry_post_grid bt_bb_grid_container\" data-columns=\"\"><div class=\"bt_bb_masonry_post_grid_content bt_bb_grid_hide\" data-bt-bb-masonry-post-grid-nonce=\"1c8006ab1a\" data-number=\"1000\" data-category=\"\" data-show=\"a%3A6%3A%7Bs%3A8%3A%22category%22%3Bb%3A0%3Bs%3A4%3A%22date%22%3Bb%3A0%3Bs%3A6%3A%22author%22%3Bb%3A0%3Bs%3A8%3A%22comments%22%3Bb%3A0%3Bs%3A7%3A%22excerpt%22%3Bb%3A0%3Bs%3A9%3A%22read_more%22%3Bb%3A0%3B%7D\" data-auto-loading=\"\" data-post-type=\"post\"><div class=\"bt_bb_grid_sizer\"><\/div><\/div><div class=\"bt_bb_post_grid_loader\"><\/div><\/div><div  class=\"bt_bb_text\" ><p>Logos Kefalet Risk Y\u00f6netimi ve Dan\u0131\u015fmanl\u0131\u011f\u0131 A.\u015e. olarak;<\/p>\n<ul>\n<li>Bilgi varl\u0131klar\u0131m\u0131z\u0131n <strong>gizlilik<\/strong>, <strong>b\u00fct\u00fcnl\u00fck<\/strong> ve <strong>eri\u015filebilirli\u011fini<\/strong> korumay\u0131,<\/li>\n<li>M\u00fc\u015fterilerimize, \u00e7al\u0131\u015fanlar\u0131m\u0131za ve payda\u015flar\u0131m\u0131za g\u00fcvenli hizmet sunmay\u0131,<\/li>\n<li>Yasal ve d\u00fczenleyici gerekliliklere, s\u00f6zle\u015fmesel y\u00fck\u00fcml\u00fcl\u00fcklere ve ISO\/IEC 27001:2022 standard\u0131na uymay\u0131,<\/li>\n<li>Bilgi g\u00fcvenli\u011fi risklerini sistematik olarak de\u011ferlendirip y\u00f6netmeyi,<\/li>\n<li>Bilgi g\u00fcvenli\u011fi y\u00f6netim sistemimizi s\u00fcrekli iyile\u015ftirmeyi,<\/li>\n<li>T\u00fcm \u00e7al\u0131\u015fanlar\u0131m\u0131z\u0131n bilgi g\u00fcvenli\u011fi fark\u0131ndal\u0131\u011f\u0131n\u0131 art\u0131rmay\u0131<\/li>\n<\/ul>\n<p>taahh\u00fct ederiz.<\/p>\n<p>Bilgi g\u00fcvenli\u011fi y\u00f6netim sistemimiz, kurulu\u015fumuzun t\u00fcm s\u00fcre\u00e7lerini kapsar ve \u00fcst y\u00f6netimin deste\u011fiyle s\u00fcrekli geli\u015ftirilmektedir.<\/p>\n<\/div><div class=\"bt_bb_separator\"><\/div><div class=\"bt_bb_separator\"><\/div><\/div><\/div><\/div><\/div><\/div><\/div><\/div><\/div><\/section>","protected":false},"excerpt":{"rendered":"","protected":false},"author":1,"featured_media":0,"parent":0,"menu_order":0,"comment_status":"closed","ping_status":"closed","template":"","meta":[],"_links":{"self":[{"href":"https:\/\/logosrisk.com\/index.php?rest_route=\/wp\/v2\/pages\/4037"}],"collection":[{"href":"https:\/\/logosrisk.com\/index.php?rest_route=\/wp\/v2\/pages"}],"about":[{"href":"https:\/\/logosrisk.com\/index.php?rest_route=\/wp\/v2\/types\/page"}],"author":[{"embeddable":true,"href":"https:\/\/logosrisk.com\/index.php?rest_route=\/wp\/v2\/users\/1"}],"replies":[{"embeddable":true,"href":"https:\/\/logosrisk.com\/index.php?rest_route=%2Fwp%2Fv2%2Fcomments&post=4037"}],"version-history":[{"count":5,"href":"https:\/\/logosrisk.com\/index.php?rest_route=\/wp\/v2\/pages\/4037\/revisions"}],"predecessor-version":[{"id":4108,"href":"https:\/\/logosrisk.com\/index.php?rest_route=\/wp\/v2\/pages\/4037\/revisions\/4108"}],"wp:attachment":[{"href":"https:\/\/logosrisk.com\/index.php?rest_route=%2Fwp%2Fv2%2Fmedia&parent=4037"}],"curies":[{"name":"wp","href":"https:\/\/api.w.org\/{rel}","templated":true}]}}