{"id":3910,"date":"2022-12-14T13:10:53","date_gmt":"2022-12-14T13:10:53","guid":{"rendered":"https:\/\/logosrisk.com\/?page_id=3910"},"modified":"2023-05-22T12:50:25","modified_gmt":"2023-05-22T12:50:25","slug":"acik-riza-beyani","status":"publish","type":"page","link":"https:\/\/logosrisk.com\/?page_id=3910","title":{"rendered":"A\u00e7\u0131k R\u0131za Beyan\u0131"},"content":{"rendered":"<section id=\"bt_bb_section69e1e9d6ce21c\"  class=\"bt_bb_section bt_bb_layout_boxed_1200\" ><div class=\"bt_bb_port\"><div class=\"bt_bb_cell\"><div class=\"bt_bb_cell_inner\"><div class=\"bt_bb_row_wrapper\"><div  class=\"bt_bb_row\" ><div  class=\"bt_bb_column col-xl-12 col-xs-12 col-sm-12 col-md-12 col-lg-12 bt_bb_align_left bt_bb_vertical_align_top bt_bb_padding_normal\"  data-width=\"12\" data-bt-override-class=\"{}\"><div class=\"bt_bb_column_content\"><div class=\"bt_bb_column_content_inner\"><div class=\"bt_bb_separator bt_bb_top_spacing_medium bt_bb_bottom_spacing_medium bt_bb_border_style_none bt_bb_border_color_none\"><\/div><div class=\"bt_bb_masonry_post_grid bt_bb_grid_container\" data-columns=\"\"><div class=\"bt_bb_masonry_post_grid_content bt_bb_grid_hide\" data-bt-bb-masonry-post-grid-nonce=\"8fcd65bdc9\" data-number=\"1000\" data-category=\"\" data-show=\"a%3A6%3A%7Bs%3A8%3A%22category%22%3Bb%3A0%3Bs%3A4%3A%22date%22%3Bb%3A0%3Bs%3A6%3A%22author%22%3Bb%3A0%3Bs%3A8%3A%22comments%22%3Bb%3A0%3Bs%3A7%3A%22excerpt%22%3Bb%3A0%3Bs%3A9%3A%22read_more%22%3Bb%3A0%3B%7D\" data-auto-loading=\"\" data-post-type=\"post\"><div class=\"bt_bb_grid_sizer\"><\/div><\/div><div class=\"bt_bb_post_grid_loader\"><\/div><\/div><div class=\"bt_bb_image bt_bb_shape_square bt_bb_align_inherit bt_bb_hover_style_simple bt_bb_content_display_always bt_bb_content_align_middle\" data-bt-override-class=\"{&quot;bt_bb_align_&quot;:{&quot;current_class&quot;:&quot;bt_bb_align_inherit&quot;,&quot;xl&quot;:&quot;inherit&quot;}}\"><span><img width=\"2481\" height=\"2594\" src=\"https:\/\/logosrisk.com\/wp-content\/uploads\/2023\/05\/acikriza.png\" class=\"attachment-full size-full\" alt=\"https:\/\/logosrisk.com\/wp-content\/uploads\/2023\/05\/acikriza.png\" decoding=\"async\" loading=\"lazy\" data-full_image_src=\"https:\/\/logosrisk.com\/wp-content\/uploads\/2023\/05\/acikriza.png\" title=\"acikriza\" srcset=\"https:\/\/logosrisk.com\/wp-content\/uploads\/2023\/05\/acikriza.png 2481w, https:\/\/logosrisk.com\/wp-content\/uploads\/2023\/05\/acikriza-640x669.png 640w, https:\/\/logosrisk.com\/wp-content\/uploads\/2023\/05\/acikriza-1280x1338.png 1280w, https:\/\/logosrisk.com\/wp-content\/uploads\/2023\/05\/acikriza-768x803.png 768w, https:\/\/logosrisk.com\/wp-content\/uploads\/2023\/05\/acikriza-1469x1536.png 1469w, https:\/\/logosrisk.com\/wp-content\/uploads\/2023\/05\/acikriza-1959x2048.png 1959w, https:\/\/logosrisk.com\/wp-content\/uploads\/2023\/05\/acikriza-320x335.png 320w\" sizes=\"(max-width: 2481px) 100vw, 2481px\" \/><\/span><\/div><\/div><\/div><\/div><\/div><\/div><\/div><\/div><\/div><\/section>","protected":false},"excerpt":{"rendered":"","protected":false},"author":4,"featured_media":0,"parent":0,"menu_order":0,"comment_status":"closed","ping_status":"closed","template":"","meta":[],"_links":{"self":[{"href":"https:\/\/logosrisk.com\/index.php?rest_route=\/wp\/v2\/pages\/3910"}],"collection":[{"href":"https:\/\/logosrisk.com\/index.php?rest_route=\/wp\/v2\/pages"}],"about":[{"href":"https:\/\/logosrisk.com\/index.php?rest_route=\/wp\/v2\/types\/page"}],"author":[{"embeddable":true,"href":"https:\/\/logosrisk.com\/index.php?rest_route=\/wp\/v2\/users\/4"}],"replies":[{"embeddable":true,"href":"https:\/\/logosrisk.com\/index.php?rest_route=%2Fwp%2Fv2%2Fcomments&post=3910"}],"version-history":[{"count":16,"href":"https:\/\/logosrisk.com\/index.php?rest_route=\/wp\/v2\/pages\/3910\/revisions"}],"predecessor-version":[{"id":4024,"href":"https:\/\/logosrisk.com\/index.php?rest_route=\/wp\/v2\/pages\/3910\/revisions\/4024"}],"wp:attachment":[{"href":"https:\/\/logosrisk.com\/index.php?rest_route=%2Fwp%2Fv2%2Fmedia&parent=3910"}],"curies":[{"name":"wp","href":"https:\/\/api.w.org\/{rel}","templated":true}]}}